{"id":2121,"date":"2008-08-21T22:02:31","date_gmt":"2008-08-21T20:02:31","guid":{"rendered":"http:\/\/mmmblog.de\/wp\/?page_id=3"},"modified":"2026-02-06T20:09:19","modified_gmt":"2026-02-06T19:09:19","slug":"impressum","status":"publish","type":"page","link":"https:\/\/mmmblog.de\/?page_id=2121","title":{"rendered":"Impressum"},"content":{"rendered":"<div class=\"entrytext\">\n<p>Dieser Blog wird gestaltet und verantwortet von<br \/>\nRolf Wenkel<br \/>\nRheinstr. 5<br \/>\n53757 Sankt Augustin<\/p>\n<p>Tel 0049 2241 33 58 45<br \/>\nrolf(at)wenkel.net<\/p>\n<p>mmmblog.de<\/p>\n<div class=\"entry-content\">\n<p>Haftungshinweis: Trotz sorgf\u00e4ltiger inhaltlicher Kontrolle \u00fcbernehme ich keine Haftung f\u00fcr die Inhalte externer Links. Verlinkungen geschehen ausschlie\u00dflich zu Informationszwecken und bedeuten nicht eine Unterst\u00fctzung der dort vertretenen Meinung. F\u00fcr den Inhalt der verlinkten Seiten sind ausschlie\u00dflich deren Betreiber verantwortlich.<\/p>\n<h4 class=\"wp-block-heading\">Haftungsausschluss:<\/h4>\n<p><strong>Haftung f\u00fcr Inhalte<\/strong><\/p>\n<p>Die Inhalte unserer Seiten wurden mit gr\u00f6\u00dfter Sorgfalt erstellt. F\u00fcr die Richtigkeit, Vollst\u00e4ndigkeit und Aktualit\u00e4t der Inhalte kann ich jedoch keine Gew\u00e4hr \u00fcbernehmen. Als Diensteanbieter bin ich gem\u00e4\u00df \u00a7 7 Abs.1 TMG f\u00fcr eigene Inhalte auf diesen Seiten nach den allgemeinen Gesetzen verantwortlich. Nach \u00a7\u00a7 8 bis 10 TMG bin ich als Diensteanbieter jedoch nicht verpflichtet, \u00fcbermittelte oder gespeicherte fremde Informationen zu \u00fcberwachen oder nach Umst\u00e4nden zu forschen, die auf eine rechtswidrige T\u00e4tigkeit hinweisen. Verpflichtungen zur Entfernung oder Sperrung der Nutzung von Informationen nach den allgemeinen Gesetzen bleiben hiervon unber\u00fchrt. Eine diesbez\u00fcgliche Haftung ist jedoch erst ab dem Zeitpunkt der Kenntnis einer konkreten Rechtsverletzung m\u00f6glich. Bei Bekanntwerden von entsprechenden Rechtsverletzungen werden wir diese Inhalte umgehend entfernen.<\/p>\n<p><strong>Haftung f\u00fcr Links<\/strong><\/p>\n<p>Mein Angebot auf mmmblog.de enth\u00e4lt Links zu externen Webseiten Dritter, auf deren Inhalte ich keinen Einfluss habe. Deshalb kann ich f\u00fcr diese fremden Inhalte auch keine Gew\u00e4hr \u00fcbernehmen. F\u00fcr die Inhalte der verlinkten Seiten ist stets der jeweilige Anbieter oder Betreiber der Seiten verantwortlich. Die verlinkten Seiten wurden zum Zeitpunkt der Verlinkung auf m\u00f6gliche Rechtsverst\u00f6\u00dfe \u00fcberpr\u00fcft. Rechtswidrige Inhalte waren zum Zeitpunkt der Verlinkung nicht erkennbar. Eine permanente inhaltliche Kontrolle der verlinkten Seiten ist jedoch ohne konkrete Anhaltspunkte einer Rechtsverletzung nicht zumutbar. Bei Bekanntwerden von Rechtsverletzungen werden wir derartige Links umgehend entfernen.<\/p>\n<p><strong>Urheberrecht<\/strong><\/p>\n<p>Meine Inhalte und Werke auf diesen Seiten unterliegen dem deutschen Urheberrecht. Die Vervielf\u00e4ltigung, Bearbeitung, Verbreitung und jede Art der Verwertung au\u00dferhalb der Grenzen des Urheberrechtes bed\u00fcrfen meiner schriftlichen Zustimmung. Downloads und Kopien dieser Seite sind nur f\u00fcr den privaten, nicht kommerziellen Gebrauch gestattet. Soweit die Inhalte auf dieser Seite nicht von mir erstellt wurden, werden die Urheberrechte Dritter beachtet. Insbesondere werden Inhalte Dritter als solche gekennzeichnet. Sollten Sie trotzdem auf eine Urheberrechtsverletzung aufmerksam werden, bitte ich um einen entsprechenden Hinweis, damit ich bei Bekanntwerden von Rechtsverletzungen derartige Inhalte umgehend entfernen kann.<\/p>\n<p><strong>Datenschutz<\/strong><\/p>\n<p>Die Nutzung meiner Webseite ist ohne Angabe personenbezogener Daten m\u00f6glich. Die Besucher meiner Seite werden nirgendwo aufgefordert, personenbezogene oder personenbeziehbare Daten anzugeben. Deshalb entstehen auch keine Daten, die ich an Dritte weitergeben k\u00f6nnte. Auf die Daten, die auf den Servern meines Providers anfallen, um meine Webseite korrekt darzustellen, und die m\u00f6glicherweise R\u00fcckschl\u00fcsse auf Ihr Surfverhalten haben k\u00f6nnten, habe ich als technischer Laie keinerlei Einfluss.<\/p>\n<p>Ich weise darauf hin, dass die Daten\u00fcbertragung im Internet (z.B. bei der Kommunikation per E-Mail) Sicherheitsl\u00fccken aufweisen kann. Ein l\u00fcckenloser Schutz der Daten vor dem Zugriff durch Dritte ist nicht m\u00f6glich.<\/p>\n<p>Der Nutzung von im Rahmen der Impressumspflicht ver\u00f6ffentlichten Kontaktdaten durch Dritte zur \u00dcbersendung von nicht ausdr\u00fccklich angeforderter Werbung und Informationsmaterialien widerspreche ich hiermit ausdr\u00fccklich. Ich behalte mir zudem rechtliche Schritte im Falle der unverlangten Zusendung von Werbeinformationen, etwa durch Spam-Mails, vor.<\/p>\n<p>&nbsp;<\/p>\n<\/div>\n<\/div>\n","protected":false},"excerpt":{"rendered":"<p>Dieser Blog wird gestaltet und verantwortet von Rolf Wenkel Rheinstr. 5 53757 Sankt Augustin Tel 0049 2241 33 58 45 rolf(at)wenkel.net mmmblog.de Haftungshinweis: Trotz sorgf\u00e4ltiger inhaltlicher Kontrolle \u00fcbernehme ich keine Haftung f\u00fcr die Inhalte externer Links. Verlinkungen geschehen ausschlie\u00dflich zu Informationszwecken und bedeuten nicht eine Unterst\u00fctzung der dort vertretenen Meinung. F\u00fcr den Inhalt der verlinkten&hellip; <a class=\"more-link\" href=\"https:\/\/mmmblog.de\/?page_id=2121\">Continue reading &rarr;<\/a><\/p>\n","protected":false},"author":2,"featured_media":0,"parent":0,"menu_order":0,"comment_status":"open","ping_status":"open","template":"","meta":{"advanced_seo_description":"","jetpack_seo_html_title":"","jetpack_seo_noindex":false,"jetpack_post_was_ever_published":false,"footnotes":""},"class_list":["post-2121","page","type-page","status-publish","hentry"],"jetpack_sharing_enabled":true,"jetpack_shortlink":"https:\/\/wp.me\/PaO4gW-yd","jetpack_likes_enabled":true,"jetpack-related-posts":[{"id":3996,"url":"https:\/\/mmmblog.de\/?page_id=3996","url_meta":{"origin":2121,"position":0},"title":"Datenschutzerkl\u00e4rung","author":"rolf","date":"6. Dezember 2022","format":false,"excerpt":"Die Adresse meiner Website ist: mmmblog.de Verantwortlich f\u00fcr die Datenverarbeitung auf dieser Website ist:Rolf WenkelRheinstr. 553757 Sankt Augustin SSL- bzw. TLS-Verschl\u00fcsselung Aus Sicherheitsgr\u00fcnden und zum Schutz der \u00dcbertragung vertraulicher Inhalte, die Sie an mich als Seitenbetreiber senden, nutze ich eine SSL-bzw. TLS-Verschl\u00fcsselung. Damit sind Daten, die Sie \u00fcber diese Website\u2026","rel":"","context":"\u00c4hnlicher Beitrag","block_context":{"text":"\u00c4hnlicher Beitrag","link":""},"img":{"alt_text":"","src":"","width":0,"height":0},"classes":[]},{"id":8,"url":"https:\/\/mmmblog.de\/?page_id=8","url_meta":{"origin":2121,"position":1},"title":"Rolf","author":"rolf","date":"27. Oktober 2006","format":false,"excerpt":"Diesen Blog hat Rolf Wenkel er\u00f6ffnet. \u00a0","rel":"","context":"In &quot;Allgemein&quot;","block_context":{"text":"Allgemein","link":"https:\/\/mmmblog.de\/?cat=1"},"img":{"alt_text":"","src":"https:\/\/i0.wp.com\/mmmblog.de\/wp-content\/uploads\/2016\/02\/logo02gro%C3%9F.jpg?resize=350%2C200&ssl=1","width":350,"height":200,"srcset":"https:\/\/i0.wp.com\/mmmblog.de\/wp-content\/uploads\/2016\/02\/logo02gro%C3%9F.jpg?resize=350%2C200&ssl=1 1x, https:\/\/i0.wp.com\/mmmblog.de\/wp-content\/uploads\/2016\/02\/logo02gro%C3%9F.jpg?resize=525%2C300&ssl=1 1.5x, https:\/\/i0.wp.com\/mmmblog.de\/wp-content\/uploads\/2016\/02\/logo02gro%C3%9F.jpg?resize=700%2C400&ssl=1 2x, https:\/\/i0.wp.com\/mmmblog.de\/wp-content\/uploads\/2016\/02\/logo02gro%C3%9F.jpg?resize=1050%2C600&ssl=1 3x"},"classes":[]}],"_links":{"self":[{"href":"https:\/\/mmmblog.de\/index.php?rest_route=\/wp\/v2\/pages\/2121","targetHints":{"allow":["GET"]}}],"collection":[{"href":"https:\/\/mmmblog.de\/index.php?rest_route=\/wp\/v2\/pages"}],"about":[{"href":"https:\/\/mmmblog.de\/index.php?rest_route=\/wp\/v2\/types\/page"}],"author":[{"embeddable":true,"href":"https:\/\/mmmblog.de\/index.php?rest_route=\/wp\/v2\/users\/2"}],"replies":[{"embeddable":true,"href":"https:\/\/mmmblog.de\/index.php?rest_route=%2Fwp%2Fv2%2Fcomments&post=2121"}],"version-history":[{"count":2,"href":"https:\/\/mmmblog.de\/index.php?rest_route=\/wp\/v2\/pages\/2121\/revisions"}],"predecessor-version":[{"id":28600,"href":"https:\/\/mmmblog.de\/index.php?rest_route=\/wp\/v2\/pages\/2121\/revisions\/28600"}],"wp:attachment":[{"href":"https:\/\/mmmblog.de\/index.php?rest_route=%2Fwp%2Fv2%2Fmedia&parent=2121"}],"curies":[{"name":"wp","href":"https:\/\/api.w.org\/{rel}","templated":true}]}}