{"id":8,"date":"2006-10-27T23:26:35","date_gmt":"2006-10-27T21:26:35","guid":{"rendered":"http:\/\/mmmblog.de\/wp\/?page_id=8"},"modified":"2023-12-08T12:35:13","modified_gmt":"2023-12-08T11:35:13","slug":"uber","status":"publish","type":"page","link":"https:\/\/mmmblog.de\/?page_id=8","title":{"rendered":"Rolf"},"content":{"rendered":"<p><strong>Diesen Blog hat Rolf Wenkel er\u00f6ffnet<\/strong>.<\/p>\n<p><img data-recalc-dims=\"1\" loading=\"lazy\" decoding=\"async\" class=\" wp-image-3206\" src=\"https:\/\/i0.wp.com\/mmmblog.de\/wp-content\/uploads\/2016\/02\/logo02gro%C3%9F.jpg?resize=481%2C134&#038;ssl=1\" alt=\"\" width=\"481\" height=\"134\" srcset=\"https:\/\/i0.wp.com\/mmmblog.de\/wp-content\/uploads\/2016\/02\/logo02gro%C3%9F.jpg?w=1200&amp;ssl=1 1200w, https:\/\/i0.wp.com\/mmmblog.de\/wp-content\/uploads\/2016\/02\/logo02gro%C3%9F.jpg?resize=300%2C84&amp;ssl=1 300w, https:\/\/i0.wp.com\/mmmblog.de\/wp-content\/uploads\/2016\/02\/logo02gro%C3%9F.jpg?resize=768%2C214&amp;ssl=1 768w, https:\/\/i0.wp.com\/mmmblog.de\/wp-content\/uploads\/2016\/02\/logo02gro%C3%9F.jpg?resize=1024%2C285&amp;ssl=1 1024w\" sizes=\"auto, (max-width: 481px) 100vw, 481px\" \/><\/p>\n<div style=\"text-align: center;\"><\/div>\n<p>&nbsp;<\/p>\n","protected":false},"excerpt":{"rendered":"<p>Diesen Blog hat Rolf Wenkel er\u00f6ffnet. &nbsp;<\/p>\n","protected":false},"author":2,"featured_media":0,"parent":0,"menu_order":0,"comment_status":"open","ping_status":"open","template":"","meta":{"advanced_seo_description":"","jetpack_seo_html_title":"","jetpack_seo_noindex":false,"jetpack_post_was_ever_published":false,"footnotes":""},"class_list":["post-8","page","type-page","status-publish","hentry"],"jetpack_sharing_enabled":true,"jetpack_shortlink":"https:\/\/wp.me\/PaO4gW-8","jetpack_likes_enabled":true,"jetpack-related-posts":[{"id":2121,"url":"https:\/\/mmmblog.de\/?page_id=2121","url_meta":{"origin":8,"position":0},"title":"Impressum","author":"rolf","date":"21. August 2008","format":false,"excerpt":"Dieser Blog wird gestaltet und verantwortet von Rolf Wenkel Rheinstr. 5 53757 Sankt Augustin Tel 0049 2241 33 58 45 rolf(at)wenkel.net mmmblog.de Haftungshinweis: Trotz sorgf\u00e4ltiger inhaltlicher Kontrolle \u00fcbernehme ich keine Haftung f\u00fcr die Inhalte externer Links. Verlinkungen geschehen ausschlie\u00dflich zu Informationszwecken und bedeuten nicht eine Unterst\u00fctzung der dort vertretenen Meinung.\u2026","rel":"","context":"In &quot;Allgemein&quot;","block_context":{"text":"Allgemein","link":"https:\/\/mmmblog.de\/?cat=1"},"img":{"alt_text":"","src":"","width":0,"height":0},"classes":[]},{"id":3996,"url":"https:\/\/mmmblog.de\/?page_id=3996","url_meta":{"origin":8,"position":1},"title":"Datenschutzerkl\u00e4rung","author":"rolf","date":"6. Dezember 2022","format":false,"excerpt":"Die Adresse meiner Website ist: mmmblog.de Verantwortlich f\u00fcr die Datenverarbeitung auf dieser Website ist:Rolf WenkelRheinstr. 553757 Sankt Augustin SSL- bzw. TLS-Verschl\u00fcsselung Aus Sicherheitsgr\u00fcnden und zum Schutz der \u00dcbertragung vertraulicher Inhalte, die Sie an mich als Seitenbetreiber senden, nutze ich eine SSL-bzw. TLS-Verschl\u00fcsselung. Damit sind Daten, die Sie \u00fcber diese Website\u2026","rel":"","context":"\u00c4hnlicher Beitrag","block_context":{"text":"\u00c4hnlicher Beitrag","link":""},"img":{"alt_text":"","src":"","width":0,"height":0},"classes":[]}],"_links":{"self":[{"href":"https:\/\/mmmblog.de\/index.php?rest_route=\/wp\/v2\/pages\/8","targetHints":{"allow":["GET"]}}],"collection":[{"href":"https:\/\/mmmblog.de\/index.php?rest_route=\/wp\/v2\/pages"}],"about":[{"href":"https:\/\/mmmblog.de\/index.php?rest_route=\/wp\/v2\/types\/page"}],"author":[{"embeddable":true,"href":"https:\/\/mmmblog.de\/index.php?rest_route=\/wp\/v2\/users\/2"}],"replies":[{"embeddable":true,"href":"https:\/\/mmmblog.de\/index.php?rest_route=%2Fwp%2Fv2%2Fcomments&post=8"}],"version-history":[{"count":0,"href":"https:\/\/mmmblog.de\/index.php?rest_route=\/wp\/v2\/pages\/8\/revisions"}],"wp:attachment":[{"href":"https:\/\/mmmblog.de\/index.php?rest_route=%2Fwp%2Fv2%2Fmedia&parent=8"}],"curies":[{"name":"wp","href":"https:\/\/api.w.org\/{rel}","templated":true}]}}